{"id":13,"date":"2022-01-27T20:42:17","date_gmt":"2022-01-27T20:42:17","guid":{"rendered":"http:\/\/www.ecotopia-dr.com\/about\/"},"modified":"2022-02-04T18:57:14","modified_gmt":"2022-02-04T18:57:14","slug":"about","status":"publish","type":"page","link":"http:\/\/www.ecotopia-dr.com\/es\/about\/","title":{"rendered":"Acerca de Ecotop\u00eda"},"content":{"rendered":"<div class=\"wp-block-cover alignfull\" style=\"min-height:599px;aspect-ratio:unset;\"><span aria-hidden=\"true\" class=\"wp-block-cover__gradient-background has-background-dim\"><\/span><img loading=\"lazy\" decoding=\"async\" width=\"1080\" height=\"605\" class=\"wp-block-cover__image-background wp-image-70\" alt=\"\" src=\"http:\/\/www.ecotopia-dr.com\/wp-content\/uploads\/2022\/01\/WhatsApp-Image-2022-01-06-at-11.11.32-10.jpeg\" data-object-fit=\"cover\" srcset=\"http:\/\/www.ecotopia-dr.com\/wp-content\/uploads\/2022\/01\/WhatsApp-Image-2022-01-06-at-11.11.32-10.jpeg 1080w, http:\/\/www.ecotopia-dr.com\/wp-content\/uploads\/2022\/01\/WhatsApp-Image-2022-01-06-at-11.11.32-10-300x168.jpeg 300w, http:\/\/www.ecotopia-dr.com\/wp-content\/uploads\/2022\/01\/WhatsApp-Image-2022-01-06-at-11.11.32-10-1024x574.jpeg 1024w, http:\/\/www.ecotopia-dr.com\/wp-content\/uploads\/2022\/01\/WhatsApp-Image-2022-01-06-at-11.11.32-10-768x430.jpeg 768w\" sizes=\"auto, (max-width: 1080px) 100vw, 1080px\" \/><div class=\"wp-block-cover__inner-container is-layout-flow wp-block-cover-is-layout-flow\">\n<h5 class=\"has-text-align-center has-quaternary-color has-text-color wp-block-heading\" id=\"ecotopia-is-a-tropical-ecological-park-located-near-las-terrenas-in-dominican-republic\">Ecotop\u00eda es un parque ecol\u00f3gico tropical ubicado cerca de Las Terrenas en Rep\u00fablica Dominicana. <\/h5>\n\n\n\n<h5 class=\"has-text-align-center wp-block-heading\" id=\"it-is-a-sustainable-permaculture-project-aiming-at-preserving-the-rich-biodiversity-of-the-caribbean-region\">Es un proyecto de permacultura sostenible que tiene como objetivo preservar la rica biodiversidad de la regi\u00f3n del Caribe.<\/h5>\n\n\n\n<h5 class=\"has-text-align-center wp-block-heading\" id=\"this-private-project-was-launched-in-1987-on-the-exploited-land-of-a-cattle-farm-today-the-tropical-forest-covers-over-75-of-the-land\">This private project was launched in 1987 on the exploited land of a cattle farm. Today, the tropical forest covers over 25% of the land.<\/h5>\n\n\n\n<h5 class=\"has-text-align-center wp-block-heading\" id=\"within-its-30-hectares-the-park-hosts-over-1000-native-and-endemic-plants-species\">Dentro de sus 30 hect\u00e1reas, el parque contiene m\u00e1s de 1000 especies de plantas nativas y end\u00e9micas.<\/h5>\n\n\n\n<p><\/p>\n<\/div><\/div>\n\n\n\n<h4 class=\"has-text-align-center wp-block-heading\" id=\"do-not-take-anything-but-images\">No tome nada, pero las im\u00e1genes.<\/h4>\n\n\n\n<h4 class=\"has-text-align-center wp-block-heading\" id=\"do-not-kill-anything-but-time\">No mate nada, excepto el tiempo.<\/h4>\n\n\n\n<h4 class=\"has-text-align-center wp-block-heading\" id=\"do-not-leave-anything-but-your-footprint\">No deje nada m\u00e1s que su huella.<\/h4>\n\n\n\n<div class=\"wp-block-button aligncenter\"><a class=\"wp-block-button__link\" href=\"http:\/\/www.ecotopia-dr.com\/es\/contact\/\">Ponerse en contacto<\/a><\/div>","protected":false},"excerpt":{"rendered":"<p>Do not take anything, but images. Do not kill anything, but time. Do not leave anything, but your footprint.<\/p>","protected":false},"author":1,"featured_media":0,"parent":0,"menu_order":0,"comment_status":"closed","ping_status":"closed","template":"","meta":{"_coblocks_attr":"","_coblocks_dimensions":"","_coblocks_responsive_height":"","_coblocks_accordion_ie_support":"","hide_page_title":"","footnotes":""},"class_list":["post-13","page","type-page","status-publish","hentry"],"_links":{"self":[{"href":"http:\/\/www.ecotopia-dr.com\/es\/wp-json\/wp\/v2\/pages\/13","targetHints":{"allow":["GET"]}}],"collection":[{"href":"http:\/\/www.ecotopia-dr.com\/es\/wp-json\/wp\/v2\/pages"}],"about":[{"href":"http:\/\/www.ecotopia-dr.com\/es\/wp-json\/wp\/v2\/types\/page"}],"author":[{"embeddable":true,"href":"http:\/\/www.ecotopia-dr.com\/es\/wp-json\/wp\/v2\/users\/1"}],"replies":[{"embeddable":true,"href":"http:\/\/www.ecotopia-dr.com\/es\/wp-json\/wp\/v2\/comments?post=13"}],"version-history":[{"count":7,"href":"http:\/\/www.ecotopia-dr.com\/es\/wp-json\/wp\/v2\/pages\/13\/revisions"}],"predecessor-version":[{"id":159,"href":"http:\/\/www.ecotopia-dr.com\/es\/wp-json\/wp\/v2\/pages\/13\/revisions\/159"}],"wp:attachment":[{"href":"http:\/\/www.ecotopia-dr.com\/es\/wp-json\/wp\/v2\/media?parent=13"}],"curies":[{"name":"wp","href":"https:\/\/api.w.org\/{rel}","templated":true}]}}