{"id":85,"date":"2022-01-28T22:44:04","date_gmt":"2022-01-28T22:44:04","guid":{"rendered":"http:\/\/www.ecotopia-dr.com\/?page_id=85"},"modified":"2022-02-04T00:19:00","modified_gmt":"2022-02-04T00:19:00","slug":"accomodation","status":"publish","type":"page","link":"http:\/\/www.ecotopia-dr.com\/es\/accomodation\/","title":{"rendered":"Alojamiento"},"content":{"rendered":"<p>Hay varios albergues ecol\u00f3gicos disponibles dentro del parque tropical. Son caba\u00f1as de madera equipadas con cocina, ba\u00f1o privado y mosquiteros.<\/p>\n\n\n\n<p><\/p>\n\n\n\n<p>Las instalaciones comunes incluyen:<\/p>\n\n\n\n<ul class=\"wp-block-list\"><li>libre acceso al parque y sus senderos<\/li><li>una piscina natural en medio de la selva<\/li><li>WiFi<\/li><li>sal\u00f3n compartido<\/li><li>aparcamiento gratuito<\/li><\/ul>\n\n\n\n<p><\/p>\n\n\n\n<h2 class=\"wp-block-heading\" id=\"blue-house\">Casa azul<\/h2>\n\n\n\n<p>Este bungalow puede alojar hasta 7 personas (2 camas dobles y 3 camas individuales). Est\u00e1 equipado con cocina y ba\u00f1o privado.<\/p>\n\n\n\n<figure class=\"wp-block-gallery has-nested-images columns-default is-cropped wp-block-gallery-1 is-layout-flex wp-block-gallery-is-layout-flex\">\n<figure class=\"wp-block-image size-full\"><img loading=\"lazy\" decoding=\"async\" width=\"2560\" height=\"1441\" data-id=\"127\" src=\"http:\/\/www.ecotopia-dr.com\/wp-content\/uploads\/2022\/02\/20220131_095852-scaled.jpg\" alt=\"\" class=\"wp-image-127\" srcset=\"http:\/\/www.ecotopia-dr.com\/wp-content\/uploads\/2022\/02\/20220131_095852-scaled.jpg 2560w, http:\/\/www.ecotopia-dr.com\/wp-content\/uploads\/2022\/02\/20220131_095852-300x169.jpg 300w, http:\/\/www.ecotopia-dr.com\/wp-content\/uploads\/2022\/02\/20220131_095852-1024x577.jpg 1024w, http:\/\/www.ecotopia-dr.com\/wp-content\/uploads\/2022\/02\/20220131_095852-768x432.jpg 768w, http:\/\/www.ecotopia-dr.com\/wp-content\/uploads\/2022\/02\/20220131_095852-1536x865.jpg 1536w, http:\/\/www.ecotopia-dr.com\/wp-content\/uploads\/2022\/02\/20220131_095852-2048x1153.jpg 2048w\" sizes=\"auto, (max-width: 2560px) 100vw, 2560px\" \/><figcaption>Casa azul<\/figcaption><\/figure>\n\n\n\n<figure class=\"wp-block-image size-full\"><img loading=\"lazy\" decoding=\"async\" width=\"2560\" height=\"1441\" data-id=\"134\" src=\"http:\/\/www.ecotopia-dr.com\/wp-content\/uploads\/2022\/02\/20220131_165032_resized-scaled.jpg\" alt=\"\" class=\"wp-image-134\" srcset=\"http:\/\/www.ecotopia-dr.com\/wp-content\/uploads\/2022\/02\/20220131_165032_resized-scaled.jpg 2560w, http:\/\/www.ecotopia-dr.com\/wp-content\/uploads\/2022\/02\/20220131_165032_resized-300x169.jpg 300w, http:\/\/www.ecotopia-dr.com\/wp-content\/uploads\/2022\/02\/20220131_165032_resized-1024x577.jpg 1024w, http:\/\/www.ecotopia-dr.com\/wp-content\/uploads\/2022\/02\/20220131_165032_resized-768x432.jpg 768w, http:\/\/www.ecotopia-dr.com\/wp-content\/uploads\/2022\/02\/20220131_165032_resized-1536x865.jpg 1536w, http:\/\/www.ecotopia-dr.com\/wp-content\/uploads\/2022\/02\/20220131_165032_resized-2048x1153.jpg 2048w\" sizes=\"auto, (max-width: 2560px) 100vw, 2560px\" \/><figcaption>Cocina<\/figcaption><\/figure>\n\n\n\n<figure class=\"wp-block-image size-full\"><img loading=\"lazy\" decoding=\"async\" width=\"2560\" height=\"1441\" data-id=\"136\" src=\"http:\/\/www.ecotopia-dr.com\/wp-content\/uploads\/2022\/02\/20220131_165300_resized-scaled.jpg\" alt=\"\" class=\"wp-image-136\" srcset=\"http:\/\/www.ecotopia-dr.com\/wp-content\/uploads\/2022\/02\/20220131_165300_resized-scaled.jpg 2560w, http:\/\/www.ecotopia-dr.com\/wp-content\/uploads\/2022\/02\/20220131_165300_resized-300x169.jpg 300w, http:\/\/www.ecotopia-dr.com\/wp-content\/uploads\/2022\/02\/20220131_165300_resized-1024x577.jpg 1024w, http:\/\/www.ecotopia-dr.com\/wp-content\/uploads\/2022\/02\/20220131_165300_resized-768x432.jpg 768w, http:\/\/www.ecotopia-dr.com\/wp-content\/uploads\/2022\/02\/20220131_165300_resized-1536x865.jpg 1536w, http:\/\/www.ecotopia-dr.com\/wp-content\/uploads\/2022\/02\/20220131_165300_resized-2048x1153.jpg 2048w\" sizes=\"auto, (max-width: 2560px) 100vw, 2560px\" \/><figcaption>Dormitorio<\/figcaption><\/figure>\n\n\n\n<figure class=\"wp-block-image size-full\"><img loading=\"lazy\" decoding=\"async\" width=\"2560\" height=\"1441\" data-id=\"128\" src=\"http:\/\/www.ecotopia-dr.com\/wp-content\/uploads\/2022\/02\/20220131_095955-scaled.jpg\" alt=\"\" class=\"wp-image-128\" srcset=\"http:\/\/www.ecotopia-dr.com\/wp-content\/uploads\/2022\/02\/20220131_095955-scaled.jpg 2560w, http:\/\/www.ecotopia-dr.com\/wp-content\/uploads\/2022\/02\/20220131_095955-300x169.jpg 300w, http:\/\/www.ecotopia-dr.com\/wp-content\/uploads\/2022\/02\/20220131_095955-1024x577.jpg 1024w, http:\/\/www.ecotopia-dr.com\/wp-content\/uploads\/2022\/02\/20220131_095955-768x432.jpg 768w, http:\/\/www.ecotopia-dr.com\/wp-content\/uploads\/2022\/02\/20220131_095955-1536x865.jpg 1536w, http:\/\/www.ecotopia-dr.com\/wp-content\/uploads\/2022\/02\/20220131_095955-2048x1153.jpg 2048w\" sizes=\"auto, (max-width: 2560px) 100vw, 2560px\" \/><figcaption>Casa azul<\/figcaption><\/figure>\n<\/figure>\n\n\n\n<div class=\"wp-block-button aligncenter\"><a class=\"wp-block-button__link\" href=\"https:\/\/www.booking.com\/hotel\/do\/ecotopia-park.es.html\" target=\"_blank\" rel=\"noreferrer noopener\">Reservar<\/a><\/div>\n\n\n\n<h2 class=\"wp-block-heading\" id=\"yellow-house\">Casa amarilla<\/h2>\n\n\n\n<p>Este bungalow tiene capacidad para 5 personas y est\u00e1 equipado con una cocina.<\/p>\n\n\n\n<figure class=\"wp-block-gallery has-nested-images columns-default is-cropped wp-block-gallery-2 is-layout-flex wp-block-gallery-is-layout-flex\">\n<figure class=\"wp-block-image size-large\"><img loading=\"lazy\" decoding=\"async\" width=\"2560\" height=\"1441\" data-id=\"126\" src=\"http:\/\/www.ecotopia-dr.com\/wp-content\/uploads\/2022\/02\/20220131_095722-scaled.jpg\" alt=\"\" class=\"wp-image-126\" srcset=\"http:\/\/www.ecotopia-dr.com\/wp-content\/uploads\/2022\/02\/20220131_095722-scaled.jpg 2560w, http:\/\/www.ecotopia-dr.com\/wp-content\/uploads\/2022\/02\/20220131_095722-300x169.jpg 300w, http:\/\/www.ecotopia-dr.com\/wp-content\/uploads\/2022\/02\/20220131_095722-1024x577.jpg 1024w, http:\/\/www.ecotopia-dr.com\/wp-content\/uploads\/2022\/02\/20220131_095722-768x432.jpg 768w, http:\/\/www.ecotopia-dr.com\/wp-content\/uploads\/2022\/02\/20220131_095722-1536x865.jpg 1536w, http:\/\/www.ecotopia-dr.com\/wp-content\/uploads\/2022\/02\/20220131_095722-2048x1153.jpg 2048w\" sizes=\"auto, (max-width: 2560px) 100vw, 2560px\" \/><figcaption>Casa amarilla<\/figcaption><\/figure>\n\n\n\n<figure class=\"wp-block-image size-large\"><img loading=\"lazy\" decoding=\"async\" width=\"1441\" height=\"2560\" data-id=\"125\" src=\"http:\/\/www.ecotopia-dr.com\/wp-content\/uploads\/2022\/02\/20220131_095707-1-scaled.jpg\" alt=\"\" class=\"wp-image-125\" srcset=\"http:\/\/www.ecotopia-dr.com\/wp-content\/uploads\/2022\/02\/20220131_095707-1-scaled.jpg 1441w, http:\/\/www.ecotopia-dr.com\/wp-content\/uploads\/2022\/02\/20220131_095707-1-169x300.jpg 169w, http:\/\/www.ecotopia-dr.com\/wp-content\/uploads\/2022\/02\/20220131_095707-1-577x1024.jpg 577w, http:\/\/www.ecotopia-dr.com\/wp-content\/uploads\/2022\/02\/20220131_095707-1-768x1364.jpg 768w, http:\/\/www.ecotopia-dr.com\/wp-content\/uploads\/2022\/02\/20220131_095707-1-865x1536.jpg 865w, http:\/\/www.ecotopia-dr.com\/wp-content\/uploads\/2022\/02\/20220131_095707-1-1153x2048.jpg 1153w\" sizes=\"auto, (max-width: 1441px) 100vw, 1441px\" \/><figcaption>Terraza<\/figcaption><\/figure>\n\n\n\n<figure class=\"wp-block-image size-large\"><img loading=\"lazy\" decoding=\"async\" width=\"2560\" height=\"1441\" data-id=\"130\" src=\"http:\/\/www.ecotopia-dr.com\/wp-content\/uploads\/2022\/02\/20220131_163330-scaled.jpg\" alt=\"\" class=\"wp-image-130\" srcset=\"http:\/\/www.ecotopia-dr.com\/wp-content\/uploads\/2022\/02\/20220131_163330-scaled.jpg 2560w, http:\/\/www.ecotopia-dr.com\/wp-content\/uploads\/2022\/02\/20220131_163330-300x169.jpg 300w, http:\/\/www.ecotopia-dr.com\/wp-content\/uploads\/2022\/02\/20220131_163330-1024x577.jpg 1024w, http:\/\/www.ecotopia-dr.com\/wp-content\/uploads\/2022\/02\/20220131_163330-768x432.jpg 768w, http:\/\/www.ecotopia-dr.com\/wp-content\/uploads\/2022\/02\/20220131_163330-1536x865.jpg 1536w, http:\/\/www.ecotopia-dr.com\/wp-content\/uploads\/2022\/02\/20220131_163330-2048x1153.jpg 2048w\" sizes=\"auto, (max-width: 2560px) 100vw, 2560px\" \/><figcaption>Cocina<\/figcaption><\/figure>\n\n\n\n<figure class=\"wp-block-image size-large\"><img loading=\"lazy\" decoding=\"async\" width=\"2560\" height=\"1441\" data-id=\"132\" src=\"http:\/\/www.ecotopia-dr.com\/wp-content\/uploads\/2022\/02\/20220131_163418-scaled.jpg\" alt=\"\" class=\"wp-image-132\" srcset=\"http:\/\/www.ecotopia-dr.com\/wp-content\/uploads\/2022\/02\/20220131_163418-scaled.jpg 2560w, http:\/\/www.ecotopia-dr.com\/wp-content\/uploads\/2022\/02\/20220131_163418-300x169.jpg 300w, http:\/\/www.ecotopia-dr.com\/wp-content\/uploads\/2022\/02\/20220131_163418-1024x577.jpg 1024w, http:\/\/www.ecotopia-dr.com\/wp-content\/uploads\/2022\/02\/20220131_163418-768x432.jpg 768w, http:\/\/www.ecotopia-dr.com\/wp-content\/uploads\/2022\/02\/20220131_163418-1536x865.jpg 1536w, http:\/\/www.ecotopia-dr.com\/wp-content\/uploads\/2022\/02\/20220131_163418-2048x1153.jpg 2048w\" sizes=\"auto, (max-width: 2560px) 100vw, 2560px\" \/><figcaption>Dormitorio<\/figcaption><\/figure>\n<\/figure>\n\n\n\n<div class=\"wp-block-buttons is-layout-flex wp-block-buttons-is-layout-flex\">\n<div class=\"wp-block-button aligncenter\"><a class=\"wp-block-button__link\" href=\"https:\/\/www.booking.com\/hotel\/do\/ecotopia-park.es.html\">Reservar<\/a><\/div>\n<\/div>","protected":false},"excerpt":{"rendered":"<p>A number of eco-lodges are available within the tropical park. They are wooden huts equipped with kitchen, private bathroom and mosquito nets. The common facilities include: free access to the park and its pathways a natural pool in the middle of the jungle WiFi shared lounge free car park Blue house This bungalow may accommodate [&hellip;]<\/p>\n","protected":false},"author":1,"featured_media":0,"parent":0,"menu_order":0,"comment_status":"closed","ping_status":"closed","template":"","meta":{"_coblocks_attr":"","_coblocks_dimensions":"","_coblocks_responsive_height":"","_coblocks_accordion_ie_support":"","hide_page_title":"","footnotes":""},"class_list":["post-85","page","type-page","status-publish","hentry"],"_links":{"self":[{"href":"http:\/\/www.ecotopia-dr.com\/es\/wp-json\/wp\/v2\/pages\/85","targetHints":{"allow":["GET"]}}],"collection":[{"href":"http:\/\/www.ecotopia-dr.com\/es\/wp-json\/wp\/v2\/pages"}],"about":[{"href":"http:\/\/www.ecotopia-dr.com\/es\/wp-json\/wp\/v2\/types\/page"}],"author":[{"embeddable":true,"href":"http:\/\/www.ecotopia-dr.com\/es\/wp-json\/wp\/v2\/users\/1"}],"replies":[{"embeddable":true,"href":"http:\/\/www.ecotopia-dr.com\/es\/wp-json\/wp\/v2\/comments?post=85"}],"version-history":[{"count":8,"href":"http:\/\/www.ecotopia-dr.com\/es\/wp-json\/wp\/v2\/pages\/85\/revisions"}],"predecessor-version":[{"id":138,"href":"http:\/\/www.ecotopia-dr.com\/es\/wp-json\/wp\/v2\/pages\/85\/revisions\/138"}],"wp:attachment":[{"href":"http:\/\/www.ecotopia-dr.com\/es\/wp-json\/wp\/v2\/media?parent=85"}],"curies":[{"name":"wp","href":"https:\/\/api.w.org\/{rel}","templated":true}]}}